{"id":1067,"date":"2021-09-29T19:04:10","date_gmt":"2021-09-29T17:04:10","guid":{"rendered":"https:\/\/www.tecnologiasyenergias.com\/renewable-energy-management\/solar-photovoltaic\/"},"modified":"2021-09-30T18:08:44","modified_gmt":"2021-09-30T16:08:44","slug":"solar-photovoltaic","status":"publish","type":"page","link":"https:\/\/www.tecnologiasyenergias.com\/en\/renewable-energy-management\/solar-photovoltaic\/","title":{"rendered":"Solar photovoltaic"},"content":{"rendered":"\n<p>Whenever you want to reduce the cost of the electricity bill and have a surface for the arrangement of photovoltaic modules: a floor, a terrace, a roof or a canopy; GESTI\u00d3N DE TECNOLOG\u00cdAS Y ENERG\u00cdAS RENOVABLES, S.L. performs an energy saving study with the net present value (NPV) of the required investment taking into account the expected savings, the internal rate of return (IRR) when these savings are equal to the investment and the return period (PAYBACK); profitability that will depend on the location, orientation and size of the available surface. Where appropriate, GESTI\u00d3N DE TECNOLOG\u00cdAS Y ENERG\u00cdAS RENOVABLES, S.L. facilitates access to its financing with a lower installment than the planned savings and, therefore, without reducing the debt capacity.<\/p>\n\n<p>If the client decides to incorporate said installation, GESTI\u00d3N DE TECNOLOG\u00cdAS Y ENERG\u00cdAS RENOVABLES, S.L. is in charge of obtaining all the necessary permits before its execution, its assembly and commissioning with qualified personnel and authorized installers; as well as its final legalization with the required authorization for commissioning by the competent authority.<\/p>\n","protected":false},"excerpt":{"rendered":"<p>Whenever you want to reduce the cost of the electricity bill and have a surface for the arrangement of photovoltaic modules: a floor, a terrace, a roof or a canopy; GESTI\u00d3N DE TECNOLOG\u00cdAS Y ENERG\u00cdAS RENOVABLES, S.L. performs an energy saving study with the net present value (NPV) of the required investment taking into account&#8230;<\/p>\n","protected":false},"author":1,"featured_media":886,"parent":1064,"menu_order":0,"comment_status":"closed","ping_status":"closed","template":"","meta":{"_acf_changed":false,"footnotes":""},"categoria_de_pagina":[37],"acf":[],"_links":{"self":[{"href":"https:\/\/www.tecnologiasyenergias.com\/en\/wp-json\/wp\/v2\/pages\/1067"}],"collection":[{"href":"https:\/\/www.tecnologiasyenergias.com\/en\/wp-json\/wp\/v2\/pages"}],"about":[{"href":"https:\/\/www.tecnologiasyenergias.com\/en\/wp-json\/wp\/v2\/types\/page"}],"author":[{"embeddable":true,"href":"https:\/\/www.tecnologiasyenergias.com\/en\/wp-json\/wp\/v2\/users\/1"}],"replies":[{"embeddable":true,"href":"https:\/\/www.tecnologiasyenergias.com\/en\/wp-json\/wp\/v2\/comments?post=1067"}],"version-history":[{"count":1,"href":"https:\/\/www.tecnologiasyenergias.com\/en\/wp-json\/wp\/v2\/pages\/1067\/revisions"}],"predecessor-version":[{"id":1068,"href":"https:\/\/www.tecnologiasyenergias.com\/en\/wp-json\/wp\/v2\/pages\/1067\/revisions\/1068"}],"up":[{"embeddable":true,"href":"https:\/\/www.tecnologiasyenergias.com\/en\/wp-json\/wp\/v2\/pages\/1064"}],"wp:featuredmedia":[{"embeddable":true,"href":"https:\/\/www.tecnologiasyenergias.com\/en\/wp-json\/wp\/v2\/media\/886"}],"wp:attachment":[{"href":"https:\/\/www.tecnologiasyenergias.com\/en\/wp-json\/wp\/v2\/media?parent=1067"}],"wp:term":[{"taxonomy":"categoria_de_pagina","embeddable":true,"href":"https:\/\/www.tecnologiasyenergias.com\/en\/wp-json\/wp\/v2\/categoria_de_pagina?post=1067"}],"curies":[{"name":"wp","href":"https:\/\/api.w.org\/{rel}","templated":true}]}}